{"id":87,"date":"2013-06-07T11:34:14","date_gmt":"2013-06-07T11:34:14","guid":{"rendered":"http:\/\/demo.woothemes.com\/woocommerce\/?post_type=product&#038;p=87"},"modified":"2025-10-06T08:14:29","modified_gmt":"2025-10-06T08:14:29","slug":"may-loc-nuoc-daikiosan-dn369","status":"publish","type":"product","link":"https:\/\/tongkhothanhan.com\/index.php\/product\/may-loc-nuoc-daikiosan-dn369\/","title":{"rendered":"M\u00e1y l\u1ecdc n\u01b0\u1edbc DAIKIOSAN DN369"},"content":{"rendered":"<ul>\n<li><strong>T\u00ean s\u1ea3n ph\u1ea9m<\/strong>: M\u00c1Y L\u1eccC N\u01af\u1edaC ION KI\u1ec0M T\u01af\u01a0I (ION KI\u1ec0M T\u01af\u01a0I)<\/li>\n<li><strong>Model<\/strong>: DN369<\/li>\n<li><strong>Nh\u00e0 s\u1ea3n xu\u1ea5t<\/strong>: Daikosan (\u0110\u1ed3ng S\u1ea3n Ph\u1ea9m Cao C\u1ea5p)<\/li>\n<li><strong>Th\u00f4ng tin n\u1ed5i b\u1eadt<\/strong>:\n<ul>\n<li>L\u1ecdc n\u01b0\u1edbc ion ki\u1ec1m \u1edf 3 m\u1ee9c nhi\u1ec7t: n\u00f3ng &#8211; ngu\u1ed9i &#8211; l\u1ea1nh<\/li>\n<li>C\u00f4ng ngh\u1ec7 t\u00edch h\u1ee3p hi\u1ec7n \u0111\u1ea1i v\u1edbi 4 c\u00f4ng ngh\u1ec7 n\u1ed5i b\u1eadt<\/li>\n<li>\u0110\u01b0\u1ee3c qu\u1ea3ng b\u00e1 l\u00e0 c\u00f3 n\u01b0\u1edbc s\u1ea1ch &amp; t\u1ed1t, \u0111\u1ea1t chu\u1ea9n v\u00e0 an to\u00e0n cho s\u1ee9c kh\u1ecfe<\/li>\n<\/ul>\n<\/li>\n<\/ul>\n<hr \/>\n<h1>C\u00e1c l\u1ee3i \u00edch v\u00e0 t\u00ednh n\u0103ng<\/h1>\n<ul>\n<li>N\u01b0\u1edbc s\u1ea1ch &amp; t\u1ed1t ph\u1ea3i tr\u1ea3i qua 8 quy tr\u00ecnh l\u1ecdc v\u00e0 c\u00f4ng ngh\u1ec7 nghi\u00eam ng\u1eb7t<\/li>\n<li>C\u00f4ng ngh\u1ec7 \u0111i\u1ec7n ph\u00e2n t\u1ea1o ki\u1ec1m t\u01b0\u01a1i, c\u00e1c ch\u1ec9 s\u1ed1 t\u1ed1t cho s\u1ee9c kh\u1ecfe (pH, HYDROGEN, ORP)<\/li>\n<li>M\u00e0ng RO th\u01b0\u01a1ng hi\u1ec7u Nh\u1eadt, M\u1ef9<\/li>\n<li>MOFs ti\u00eau di\u1ec7t NH3, NH4 ch\u1ea5t g\u00e2y ung th\u01b0<\/li>\n<li>T\u1ea1o ra n\u01b0\u1edbc t\u1eeb tr\u01b0\u1eddng g\u1eafn v\u1edbi n\u01b0\u1edbc t\u1eeb tr\u01b0\u1eddng do l\u1edbi Tr\u00e1i \u0110\u1ea5t t\u1ea1o ra<\/li>\n<li>\u0110\u1ea1t chu\u1ea9n n\u01b0\u1edbc u\u1ed1ng \u0111\u00f3ng chai theo chu\u1ea9n b\u1ed9 y t\u1ebf<\/li>\n<\/ul>\n<hr \/>\n<p>&nbsp;<\/p>\n","protected":false},"excerpt":{"rendered":"<ul>\n<li>D\u00f2ng m\u00e1y: DONG DR H N\u00d3NG &#8211; NGU\u1ed8I<\/li>\n<li>Model:\u00a0<strong>DN369<\/strong><\/li>\n<li>Lo\u1ea1i: 3 th\u00f4, 11 c\u1ea5p \u2013 C\u00f4ng su\u1ea5t l\u1ecdc 10 L\/h<\/li>\n<li>Gi\u00e1 c\u00f4ng b\u1ed1:\u00a0<strong>23.900.000 VN\u0110<\/strong><\/li>\n<li>Th\u00e0nh ph\u1ea7n v\u00e0 c\u00f4ng ngh\u1ec7 n\u1ed5i b\u1eadt:\n<ul>\n<li>M\u00e0ng l\u1ecdc RO Daikiosan<\/li>\n<li>C\u00f4ng ngh\u1ec7 MOFs: lo\u1ea1i b\u1ecf NH3, NH4, t\u00e1c nh\u00e2n g\u00e2y ung th\u01b0<\/li>\n<li>C\u00f4ng ngh\u1ec7 U nhi\u1ec7t Styrofoam: ti\u1ebft ki\u1ec7m \u0111\u1ebfn 80% \u0111i\u1ec7n, l\u00e0m n\u00f3ng nhanh g\u1ea5p 2 l\u1ea7n, \u1ee7 nhi\u1ec7t l\u00e2u g\u1ea5p 4 l\u1ea7n<\/li>\n<li>Chu\u1ea9n n\u01b0\u1edbc u\u1ed1ng tr\u1ef1c ti\u1ebfp theo quy chu\u1ea9n c\u1ee7a B\u1ed9 Y t\u1ebf (tr\u00ean c\u00e1c m\u1eabu ki\u1ec3m nghi\u1ec7m)<\/li>\n<\/ul>\n<\/li>\n<li>K\u00edch th\u01b0\u1edbc v\u00f2 m\u00e1y:\u00a0<strong>320 x 400 x 1020 mm<\/strong><\/li>\n<li>C\u00e1c \u0111i\u1ec3m n\u1ed5i b\u1eadt ti\u1ec7n \u00edch:\n<ul>\n<li>N\u01b0\u1edbc s\u1ea1ch &amp; t\u1ed1t cho s\u1ee9c kh\u1ecfe<\/li>\n<li>Thi\u1ebft k\u1ebf hi\u1ec7n \u0111\u1ea1i, ti\u1ec7n l\u1ee3i v\u00e0 an to\u00e0n<\/li>\n<li>B\u1ea3o h\u00e0nh kh\u1eafp 63 t\u1ec9nh th\u00e0nh<\/li>\n<\/ul>\n<\/li>\n<li><\/li>\n<\/ul>\n<div id=\"gtx-trans\" style=\"position: absolute; left: 0px; top: -16px;\">\n<div class=\"gtx-trans-icon\"><\/div>\n<\/div>\n","protected":false},"featured_media":4583,"comment_status":"closed","ping_status":"closed","template":"","meta":[],"product_cat":[68,163,204],"product_tag":[60,53],"class_list":{"0":"post-87","1":"product","2":"type-product","3":"status-publish","4":"has-post-thumbnail","6":"product_brand-daikiosan","7":"product_cat-dien-may","8":"product_cat-may-loc-nuoc","9":"product_cat-may-loc-nuoc-ion-kiem","10":"product_tag-daikiosan","11":"product_tag-may-lam-mat","13":"first","14":"instock","15":"sale","16":"taxable","17":"shipping-taxable","18":"purchasable","19":"product-type-simple","20":"col-xs-6 col-sm-4","21":"col-mf-5","22":"un-5-cols"},"_links":{"self":[{"href":"https:\/\/tongkhothanhan.com\/index.php\/wp-json\/wp\/v2\/product\/87","targetHints":{"allow":["GET"]}}],"collection":[{"href":"https:\/\/tongkhothanhan.com\/index.php\/wp-json\/wp\/v2\/product"}],"about":[{"href":"https:\/\/tongkhothanhan.com\/index.php\/wp-json\/wp\/v2\/types\/product"}],"replies":[{"embeddable":true,"href":"https:\/\/tongkhothanhan.com\/index.php\/wp-json\/wp\/v2\/comments?post=87"}],"wp:featuredmedia":[{"embeddable":true,"href":"https:\/\/tongkhothanhan.com\/index.php\/wp-json\/wp\/v2\/media\/4583"}],"wp:attachment":[{"href":"https:\/\/tongkhothanhan.com\/index.php\/wp-json\/wp\/v2\/media?parent=87"}],"wp:term":[{"taxonomy":"product_cat","embeddable":true,"href":"https:\/\/tongkhothanhan.com\/index.php\/wp-json\/wp\/v2\/product_cat?post=87"},{"taxonomy":"product_tag","embeddable":true,"href":"https:\/\/tongkhothanhan.com\/index.php\/wp-json\/wp\/v2\/product_tag?post=87"}],"curies":[{"name":"wp","href":"https:\/\/api.w.org\/{rel}","templated":true}]}}