{"id":5432,"date":"2025-10-06T06:31:22","date_gmt":"2025-10-06T06:31:22","guid":{"rendered":"https:\/\/tongkhothanhan.com\/?post_type=product&#038;p=5432"},"modified":"2025-10-06T06:31:23","modified_gmt":"2025-10-06T06:31:23","slug":"noi-com-dien-2-2l-sunhouse-shd8670","status":"publish","type":"product","link":"https:\/\/tongkhothanhan.com\/index.php\/product\/noi-com-dien-2-2l-sunhouse-shd8670\/","title":{"rendered":"N\u1ed2I C\u01a0M \u0110I\u1ec6N 2.2L SUNHOUSE SHD8670"},"content":{"rendered":"<h2>\ud83c\udf4a N\u1ed2I C\u01a0M \u0110I\u1ec6N SUNHOUSE SHD8670 2.2L \u2013 Dung T\u00edch L\u1edbn, L\u00f2ng Ceramic Ch\u1ed1ng D\u00ednh, N\u00fat C\u01a1 Ti\u1ec7n L\u1ee3i \ud83c\udf4a<\/h2>\n<p>&nbsp;<\/p>\n<p><b>Gi\u00e1 Ni\u00eam Y\u1ebft: 1.230.000 VN\u0110<\/b><\/p>\n<p>N\u1ed3i c\u01a1m \u0111i\u1ec7n <b>SUNHOUSE SHD8670<\/b> v\u1edbi dung t\u00edch <b>2.2 L\u00edt<\/b> l\u00e0 s\u1ef1 l\u1ef1a ch\u1ecdn l\u00fd t\u01b0\u1edfng cho gia \u0111\u00ecnh \u0111\u00f4ng th\u00e0nh vi\u00ean t\u1eeb <b>4 \u0111\u1ebfn 6 ng\u01b0\u1eddi<\/b> (th\u1eadm ch\u00ed 7-8 ng\u01b0\u1eddi). S\u1ea3n ph\u1ea9m n\u1ed5i b\u1eadt v\u1edbi thi\u1ebft k\u1ebf <b>n\u1eafp g\u00e0i<\/b> k\u00edn h\u01a1i, t\u00f4ng m\u00e0u X\u00e1m Cam hi\u1ec7n \u0111\u1ea1i, c\u00f9ng l\u00f2ng n\u1ed3i b\u1eb1ng <b>h\u1ee3p kim nh\u00f4m ph\u1ee7 ch\u1ed1ng d\u00ednh Ceramic<\/b> cao c\u1ea5p, \u0111\u1ea3m b\u1ea3o c\u01a1m n\u1ea5u th\u01a1m ngon, an to\u00e0n v\u00e0 b\u1ec1n b\u1ec9.<\/p>\n<p>&nbsp;<\/p>\n<h3>T\u00cdNH N\u0102NG \u0110\u1eb6C BI\u1ec6T N\u1ed4I TR\u1ed8I<\/h3>\n<p>&nbsp;<\/p>\n<p>&nbsp;<\/p>\n<h4>1. Dung T\u00edch L\u1edbn v\u00e0 C\u00f4ng Su\u1ea5t M\u1ea1nh<\/h4>\n<p>&nbsp;<\/p>\n<ul>\n<li><b>Dung t\u00edch 2.2 L\u00edt:<\/b> \u0110\u00e1p \u1ee9ng nhu c\u1ea7u n\u1ea5u c\u01a1m l\u1edbn, ph\u00f9 h\u1ee3p cho gia \u0111\u00ecnh \u0111\u00f4ng ng\u01b0\u1eddi ho\u1eb7c c\u00e1c d\u1ecbp t\u1ee5 h\u1ecdp.<\/li>\n<li><b>C\u00f4ng su\u1ea5t 900W:<\/b> C\u00f4ng su\u1ea5t cao gi\u00fap n\u1ea5u c\u01a1m nhanh ch\u00f3ng, ti\u1ebft ki\u1ec7m th\u1eddi gian h\u01a1n so v\u1edbi c\u00e1c d\u00f2ng 700W th\u00f4ng th\u01b0\u1eddng.<\/li>\n<\/ul>\n<p>&nbsp;<\/p>\n<h4>2. L\u00f2ng N\u1ed3i Ch\u1ed1ng D\u00ednh Ceramic Cao C\u1ea5p<\/h4>\n<p>&nbsp;<\/p>\n<ul>\n<li><b>Ch\u1ea5t li\u1ec7u l\u00f2ng n\u1ed3i:<\/b> <b>H\u1ee3p kim nh\u00f4m ph\u1ee7 ch\u1ed1ng d\u00ednh Ceramic<\/b>. L\u1edbp ch\u1ed1ng d\u00ednh Ceramic b\u1ec1n b\u1ec9, an to\u00e0n tuy\u1ec7t \u0111\u1ed1i cho s\u1ee9c kh\u1ecfe, kh\u00f4ng t\u1ea1o ra ch\u1ea5t \u0111\u1ed9c h\u1ea1i khi n\u1ea5u \u1edf nhi\u1ec7t \u0111\u1ed9 cao.<\/li>\n<li><b>B\u1ea3ng \u0111i\u1ec1u khi\u1ec3n N\u00fat c\u01a1:<\/b> D\u1ec5 d\u00e0ng thao t\u00e1c v\u1edbi n\u00fat g\u1ea1t chuy\u1ec3n ch\u1ebf \u0111\u1ed9 n\u1ea5u (Cook) v\u00e0 gi\u1eef \u1ea5m (Warm).<\/li>\n<\/ul>\n<p>&nbsp;<\/p>\n<h4>3. Thi\u1ebft K\u1ebf N\u1eafp G\u00e0i Ch\u1eafc Ch\u1eafn<\/h4>\n<p>&nbsp;<\/p>\n<ul>\n<li><b>Lo\u1ea1i n\u1ed3i N\u1eafp g\u00e0i:<\/b> Gi\u00fap n\u1ed3i k\u00edn h\u01a1i, gi\u1eef nhi\u1ec7t t\u1ed1i \u01b0u, gi\u1eef c\u01a1m \u1ea5m v\u00e0 d\u1ebbo l\u00e2u h\u01a1n.<\/li>\n<li><b>Tr\u1ecdng l\u01b0\u1ee3ng:<\/b> <b>2.6 kg<\/b>.<\/li>\n<\/ul>\n<p>&nbsp;<\/p>\n<h3>TH\u00d4NG S\u1ed0 K\u1ef8 THU\u1eacT CHI TI\u1ebeT<\/h3>\n<p>&nbsp;<\/p>\n<div class=\"horizontal-scroll-wrapper\">\n<div class=\"table-block-component\">\n<div class=\"table-block has-export-button\">\n<div class=\"table-content not-end-of-paragraph\" data-hveid=\"0\" data-ved=\"0CAAQ3ecQahgKEwi4h7Ku4Y6QAxUAAAAAHQAAAAAQ8A4\">\n<table>\n<thead>\n<tr>\n<td>\u0110\u1eb7c \u0111i\u1ec3m<\/td>\n<td>Chi ti\u1ebft<\/td>\n<\/tr>\n<\/thead>\n<tbody>\n<tr>\n<td><b>Dung t\u00edch<\/b><\/td>\n<td><b>2.2 L\u00edt<\/b><\/td>\n<\/tr>\n<tr>\n<td><b>S\u1ed1 ng\u01b0\u1eddi \u0103n<\/b><\/td>\n<td><b>4 \u2013 6 ng\u01b0\u1eddi<\/b><\/td>\n<\/tr>\n<tr>\n<td><b>C\u00f4ng su\u1ea5t<\/b><\/td>\n<td><b>900 W<\/b><\/td>\n<\/tr>\n<tr>\n<td><b>Ch\u1ea5t li\u1ec7u l\u00f2ng n\u1ed3i<\/b><\/td>\n<td><b>H\u1ee3p kim nh\u00f4m ph\u1ee7 ch\u1ed1ng d\u00ednh Ceramic<\/b><\/td>\n<\/tr>\n<tr>\n<td><b>B\u1ea3ng \u0111i\u1ec1u khi\u1ec3n<\/b><\/td>\n<td><b>N\u00fat c\u01a1<\/b><\/td>\n<\/tr>\n<tr>\n<td><b>Lo\u1ea1i n\u1ed3i<\/b><\/td>\n<td><b>N\u1eafp g\u00e0i<\/b><\/td>\n<\/tr>\n<tr>\n<td><b>Tr\u1ecdng l\u01b0\u1ee3ng<\/b><\/td>\n<td>2.6 Kg<\/td>\n<\/tr>\n<tr>\n<td><b>B\u1ea3o h\u00e0nh<\/b><\/td>\n<td><b>12 th\u00e1ng<\/b><\/td>\n<\/tr>\n<\/tbody>\n<\/table>\n<\/div>\n<\/div>\n<\/div>\n<\/div>\n","protected":false},"excerpt":{"rendered":"<p>T\u00f4i \u0111\u00e3 nh\u1eadn \u0111\u01b0\u1ee3c y\u00eau c\u1ea7u m\u00f4 t\u1ea3 s\u1ea3n ph\u1ea9m <b>N\u1ed2I C\u01a0M \u0110I\u1ec6N 2.2L SUNHOUSE SHD8670<\/b> d\u1ef1a tr\u00ean h\u00ecnh \u1ea3nh b\u1ea1n cung c\u1ea5p, c\u00f9ng v\u1edbi c\u00e1c th\u00f4ng s\u1ed1 chi ti\u1ebft.<\/p>\n<p>D\u01b0\u1edbi \u0111\u00e2y l\u00e0 m\u00f4 t\u1ea3 chi ti\u1ebft v\u00e0 danh s\u00e1ch t\u1eeb kh\u00f3a cho chi\u1ebfc n\u1ed3i c\u01a1m n\u00e0y:<\/p>\n<hr \/>\n<p>&nbsp;<\/p>\n<h2>\ud83c\udf4a N\u1ed2I C\u01a0M \u0110I\u1ec6N SUNHOUSE SHD8670 2.2L \u2013 Dung T\u00edch L\u1edbn, L\u00f2ng Ceramic Ch\u1ed1ng D\u00ednh, N\u00fat C\u01a1 Ti\u1ec7n L\u1ee3i \ud83c\udf4a<\/h2>\n<p>&nbsp;<\/p>\n<p><b>Gi\u00e1 Ni\u00eam Y\u1ebft: 1.230.000 VN\u0110<\/b><\/p>\n<p>N\u1ed3i c\u01a1m \u0111i\u1ec7n <b>SUNHOUSE SHD8670<\/b> v\u1edbi dung t\u00edch <b>2.2 L\u00edt<\/b> l\u00e0 s\u1ef1 l\u1ef1a ch\u1ecdn l\u00fd t\u01b0\u1edfng cho gia \u0111\u00ecnh \u0111\u00f4ng th\u00e0nh vi\u00ean t\u1eeb <b>4 \u0111\u1ebfn 6 ng\u01b0\u1eddi<\/b> (th\u1eadm ch\u00ed 7-8 ng\u01b0\u1eddi). S\u1ea3n ph\u1ea9m n\u1ed5i b\u1eadt v\u1edbi thi\u1ebft k\u1ebf <b>n\u1eafp g\u00e0i<\/b> k\u00edn h\u01a1i, t\u00f4ng m\u00e0u X\u00e1m Cam hi\u1ec7n \u0111\u1ea1i, c\u00f9ng l\u00f2ng n\u1ed3i b\u1eb1ng <b>h\u1ee3p kim nh\u00f4m ph\u1ee7 ch\u1ed1ng d\u00ednh Ceramic<\/b> cao c\u1ea5p, \u0111\u1ea3m b\u1ea3o c\u01a1m n\u1ea5u th\u01a1m ngon, an to\u00e0n v\u00e0 b\u1ec1n b\u1ec9.<\/p>\n<p>&nbsp;<\/p>\n<h3>T\u00cdNH N\u0102NG \u0110\u1eb6C BI\u1ec6T N\u1ed4I TR\u1ed8I<\/h3>\n<p>&nbsp;<\/p>\n<p>&nbsp;<\/p>\n<h4>1. Dung T\u00edch L\u1edbn v\u00e0 C\u00f4ng Su\u1ea5t M\u1ea1nh<\/h4>\n<p>&nbsp;<\/p>\n<ul>\n<li><b>Dung t\u00edch 2.2 L\u00edt:<\/b> \u0110\u00e1p \u1ee9ng nhu c\u1ea7u n\u1ea5u c\u01a1m l\u1edbn, ph\u00f9 h\u1ee3p cho gia \u0111\u00ecnh \u0111\u00f4ng ng\u01b0\u1eddi ho\u1eb7c c\u00e1c d\u1ecbp t\u1ee5 h\u1ecdp.<\/li>\n<li><b>C\u00f4ng su\u1ea5t 900W:<\/b> C\u00f4ng su\u1ea5t cao gi\u00fap n\u1ea5u c\u01a1m nhanh ch\u00f3ng, ti\u1ebft ki\u1ec7m th\u1eddi gian h\u01a1n so v\u1edbi c\u00e1c d\u00f2ng 700W th\u00f4ng th\u01b0\u1eddng.<\/li>\n<\/ul>\n<p>&nbsp;<\/p>\n<h4>2. L\u00f2ng N\u1ed3i Ch\u1ed1ng D\u00ednh Ceramic Cao C\u1ea5p<\/h4>\n<p>&nbsp;<\/p>\n<ul>\n<li><b>Ch\u1ea5t li\u1ec7u l\u00f2ng n\u1ed3i:<\/b> <b>H\u1ee3p kim nh\u00f4m ph\u1ee7 ch\u1ed1ng d\u00ednh Ceramic<\/b>. L\u1edbp ch\u1ed1ng d\u00ednh Ceramic b\u1ec1n b\u1ec9, an to\u00e0n tuy\u1ec7t \u0111\u1ed1i cho s\u1ee9c kh\u1ecfe, kh\u00f4ng t\u1ea1o ra ch\u1ea5t \u0111\u1ed9c h\u1ea1i khi n\u1ea5u \u1edf nhi\u1ec7t \u0111\u1ed9 cao.<\/li>\n<li><b>B\u1ea3ng \u0111i\u1ec1u khi\u1ec3n N\u00fat c\u01a1:<\/b> D\u1ec5 d\u00e0ng thao t\u00e1c v\u1edbi n\u00fat g\u1ea1t chuy\u1ec3n ch\u1ebf \u0111\u1ed9 n\u1ea5u (Cook) v\u00e0 gi\u1eef \u1ea5m (Warm).<\/li>\n<\/ul>\n<p>&nbsp;<\/p>\n<h4>3. Thi\u1ebft K\u1ebf N\u1eafp G\u00e0i Ch\u1eafc Ch\u1eafn<\/h4>\n<p>&nbsp;<\/p>\n<ul>\n<li><b>Lo\u1ea1i n\u1ed3i N\u1eafp g\u00e0i:<\/b> Gi\u00fap n\u1ed3i k\u00edn h\u01a1i, gi\u1eef nhi\u1ec7t t\u1ed1i \u01b0u, gi\u1eef c\u01a1m \u1ea5m v\u00e0 d\u1ebbo l\u00e2u h\u01a1n.<\/li>\n<li><b>Tr\u1ecdng l\u01b0\u1ee3ng:<\/b> <b>2.6 kg<\/b>.<\/li>\n<\/ul>\n<p>&nbsp;<\/p>\n<h3>TH\u00d4NG S\u1ed0 K\u1ef8 THU\u1eacT CHI TI\u1ebeT<\/h3>\n<p>&nbsp;<\/p>\n<div class=\"horizontal-scroll-wrapper\">\n<div class=\"table-block-component\">\n<div class=\"table-block has-export-button\">\n<div class=\"table-content not-end-of-paragraph\" data-hveid=\"0\" data-ved=\"0CAAQ3ecQahgKEwi4h7Ku4Y6QAxUAAAAAHQAAAAAQ8A4\">\n<table>\n<thead>\n<tr>\n<td>\u0110\u1eb7c \u0111i\u1ec3m<\/td>\n<td>Chi ti\u1ebft<\/td>\n<\/tr>\n<\/thead>\n<tbody>\n<tr>\n<td><b>Dung t\u00edch<\/b><\/td>\n<td><b>2.2 L\u00edt<\/b><\/td>\n<\/tr>\n<tr>\n<td><b>S\u1ed1 ng\u01b0\u1eddi \u0103n<\/b><\/td>\n<td><b>4 \u2013 6 ng\u01b0\u1eddi<\/b><\/td>\n<\/tr>\n<tr>\n<td><b>C\u00f4ng su\u1ea5t<\/b><\/td>\n<td><b>900 W<\/b><\/td>\n<\/tr>\n<tr>\n<td><b>Ch\u1ea5t li\u1ec7u l\u00f2ng n\u1ed3i<\/b><\/td>\n<td><b>H\u1ee3p kim nh\u00f4m ph\u1ee7 ch\u1ed1ng d\u00ednh Ceramic<\/b><\/td>\n<\/tr>\n<tr>\n<td><b>B\u1ea3ng \u0111i\u1ec1u khi\u1ec3n<\/b><\/td>\n<td><b>N\u00fat c\u01a1<\/b><\/td>\n<\/tr>\n<tr>\n<td><b>Lo\u1ea1i n\u1ed3i<\/b><\/td>\n<td><b>N\u1eafp g\u00e0i<\/b><\/td>\n<\/tr>\n<tr>\n<td><b>Tr\u1ecdng l\u01b0\u1ee3ng<\/b><\/td>\n<td>2.6 Kg<\/td>\n<\/tr>\n<tr>\n<td><b>B\u1ea3o h\u00e0nh<\/b><\/td>\n<td><b>12 th\u00e1ng<\/b><\/td>\n<\/tr>\n<\/tbody>\n<\/table>\n<\/div>\n<\/div>\n<\/div>\n<\/div>\n","protected":false},"featured_media":5434,"comment_status":"open","ping_status":"closed","template":"","meta":[],"product_cat":[167,78],"product_tag":[488,407,491,348,490,489,377,389,487,493,492],"class_list":{"0":"post-5432","1":"product","2":"type-product","3":"status-publish","4":"has-post-thumbnail","6":"product_brand-sunhouse","7":"product_cat-noi-com-dien","8":"product_cat-thiet-bi-nha-bep","9":"product_tag-noi-com-dien-2-2l","10":"product_tag-noi-com-dien-4-6-nguoi","11":"product_tag-noi-com-dien-900w","12":"product_tag-noi-com-dien-ceramic","13":"product_tag-noi-com-dien-chong-dinh","14":"product_tag-noi-com-dien-dung-tich-lon","15":"product_tag-noi-com-dien-nap-gai","16":"product_tag-noi-com-dien-nut-co","17":"product_tag-noi-com-dien-sunhouse-shd8670","18":"product_tag-shd8670","19":"product_tag-sunhouse-shd8670","21":"first","22":"instock","23":"taxable","24":"shipping-taxable","25":"purchasable","26":"product-type-simple","27":"col-xs-6 col-sm-4","28":"col-mf-5","29":"un-5-cols"},"_links":{"self":[{"href":"https:\/\/tongkhothanhan.com\/index.php\/wp-json\/wp\/v2\/product\/5432","targetHints":{"allow":["GET"]}}],"collection":[{"href":"https:\/\/tongkhothanhan.com\/index.php\/wp-json\/wp\/v2\/product"}],"about":[{"href":"https:\/\/tongkhothanhan.com\/index.php\/wp-json\/wp\/v2\/types\/product"}],"replies":[{"embeddable":true,"href":"https:\/\/tongkhothanhan.com\/index.php\/wp-json\/wp\/v2\/comments?post=5432"}],"wp:featuredmedia":[{"embeddable":true,"href":"https:\/\/tongkhothanhan.com\/index.php\/wp-json\/wp\/v2\/media\/5434"}],"wp:attachment":[{"href":"https:\/\/tongkhothanhan.com\/index.php\/wp-json\/wp\/v2\/media?parent=5432"}],"wp:term":[{"taxonomy":"product_cat","embeddable":true,"href":"https:\/\/tongkhothanhan.com\/index.php\/wp-json\/wp\/v2\/product_cat?post=5432"},{"taxonomy":"product_tag","embeddable":true,"href":"https:\/\/tongkhothanhan.com\/index.php\/wp-json\/wp\/v2\/product_tag?post=5432"}],"curies":[{"name":"wp","href":"https:\/\/api.w.org\/{rel}","templated":true}]}}