{"id":5405,"date":"2025-10-06T05:54:29","date_gmt":"2025-10-06T05:54:29","guid":{"rendered":"https:\/\/tongkhothanhan.com\/?post_type=product&#038;p=5405"},"modified":"2025-10-06T05:54:29","modified_gmt":"2025-10-06T05:54:29","slug":"noi-com-dien-1-8l-sunhouse-shd8607w","status":"publish","type":"product","link":"https:\/\/tongkhothanhan.com\/index.php\/product\/noi-com-dien-1-8l-sunhouse-shd8607w\/","title":{"rendered":"N\u1ed2I C\u01a0M \u0110I\u1ec6N 1.8L SUNHOUSE SHD8607W"},"content":{"rendered":"<h2>\ud83c\udf38 N\u1ed2I C\u01a0M \u0110I\u1ec6N SUNHOUSE SHD8607W 1.8L \u2013 Ch\u1ed1ng D\u00ednh Whitford (USA), Thi\u1ebft K\u1ebf D\u1ec5 Th\u01b0\u01a1ng \ud83c\udf38<\/h2>\n<p>&nbsp;<\/p>\n<p><b>Gi\u00e1 Ni\u00eam Y\u1ebft: 969.000 VN\u0110<\/b><\/p>\n<p>N\u1ed3i c\u01a1m \u0111i\u1ec7n <b>SUNHOUSE SHD8607W<\/b> v\u1edbi dung t\u00edch <b>1.8L<\/b> l\u00e0 s\u1ef1 l\u1ef1a ch\u1ecdn ho\u00e0n h\u1ea3o cho gia \u0111\u00ecnh t\u1eeb <b>4 \u0111\u1ebfn 6 ng\u01b0\u1eddi<\/b>. S\u1ea3n ph\u1ea9m n\u1ed5i b\u1eadt v\u1edbi thi\u1ebft k\u1ebf m\u00e0u H\u1ed3ng\/Tr\u1eafng d\u1ec5 th\u01b0\u01a1ng, tr\u1ebb trung c\u00f9ng l\u00f2ng n\u1ed3i \u0111\u01b0\u1ee3c ph\u1ee7 ch\u1ed1ng d\u00ednh cao c\u1ea5p <b>Whitford (USA)<\/b>, \u0111\u1ea3m b\u1ea3o c\u01a1m n\u1ea5u d\u1ebbo th\u01a1m v\u00e0 an to\u00e0n tuy\u1ec7t \u0111\u1ed1i cho s\u1ee9c kh\u1ecfe.<\/p>\n<h3>T\u00cdNH N\u0102NG N\u1ed4I B\u1eacT<\/h3>\n<h4>1. L\u00f2ng N\u1ed3i Ch\u1ed1ng D\u00ednh Whitford (USA) Cao C\u1ea5p<\/h4>\n<p>&nbsp;<\/p>\n<ul>\n<li><b>Ch\u1ea5t li\u1ec7u l\u00f2ng n\u1ed3i:<\/b> \u0110\u01b0\u1ee3c ph\u1ee7 l\u1edbp ch\u1ed1ng d\u00ednh <b>Whitford (USA)<\/b> \u2013 th\u01b0\u01a1ng hi\u1ec7u ch\u1ed1ng d\u00ednh h\u00e0ng \u0111\u1ea7u t\u1eeb M\u1ef9. L\u1edbp ch\u1ed1ng d\u00ednh n\u00e0y kh\u00f4ng ch\u1ec9 b\u1ec1n b\u1ec9, an to\u00e0n m\u00e0 c\u00f2n gi\u00fap c\u01a1m kh\u00f4ng b\u1ecb b\u00e1m d\u00ednh, ch\u00e1y kh\u00e9t, c\u1ef1c k\u1ef3 d\u1ec5 d\u00e0ng v\u1ec7 sinh.<\/li>\n<li><b>C\u00f4ng ngh\u1ec7 n\u1ea5u 1D (T\u1ecfa nhi\u1ec7t t\u1eeb 1 h\u01b0\u1edbng):<\/b> Truy\u1ec1n nhi\u1ec7t t\u1eeb m\u00e2m nhi\u1ec7t d\u01b0\u1edbi \u0111\u00e1y n\u1ed3i, gi\u00fap c\u01a1m ch\u00edn \u0111\u1ec1u, nhanh ch\u00f3ng v\u00e0 gi\u1eef \u1ea5m hi\u1ec7u qu\u1ea3 sau khi n\u1ea5u.<\/li>\n<li><b>C\u00f4ng su\u1ea5t 700W:<\/b> V\u1eadn h\u00e0nh m\u1ea1nh m\u1ebd, \u0111\u1ea3m b\u1ea3o c\u01a1m ch\u00edn nhanh, ti\u1ebft ki\u1ec7m th\u1eddi gian.<\/li>\n<\/ul>\n<p>&nbsp;<\/p>\n<h4>2. Thi\u1ebft K\u1ebf Tr\u1ebb Trung, V\u1ecf Nh\u1ef1a C\u00e1ch Nhi\u1ec7t<\/h4>\n<p>&nbsp;<\/p>\n<ul>\n<li><b>V\u1ecf ngo\u00e0i:<\/b> S\u1eed d\u1ee5ng <b>Nh\u1ef1a c\u00e1ch nhi\u1ec7t<\/b> cao c\u1ea5p, b\u1ec1n m\u00e0u (H\u1ed3ng\/Tr\u1eafng), gi\u00fap gi\u1eef \u1ea5m c\u01a1m l\u00e2u v\u00e0 ch\u1ed1ng b\u1ecfng khi ch\u1ea1m v\u00e0o th\u00e2n n\u1ed3i.<\/li>\n<li><b>Dung t\u00edch 1.8 L\u00edt:<\/b> L\u00fd t\u01b0\u1edfng cho nhu c\u1ea7u \u0103n u\u1ed1ng h\u00e0ng ng\u00e0y c\u1ee7a gia \u0111\u00ecnh trung b\u00ecnh (4-6 ng\u01b0\u1eddi).<\/li>\n<li><b>Lo\u1ea1i n\u1ed3i N\u1eafp li\u1ec1n:<\/b> Thi\u1ebft k\u1ebf truy\u1ec1n th\u1ed1ng, d\u1ec5 d\u00e0ng s\u1eed d\u1ee5ng v\u00e0 gi\u1eef nhi\u1ec7t t\u1ed1t.<\/li>\n<li><b>K\u00edch th\u01b0\u1edbc g\u1ecdn:<\/b> <b>310 x 310 x 320 (mm)<\/b>, d\u1ec5 d\u00e0ng b\u1ed1 tr\u00ed trong m\u1ecdi kh\u00f4ng gian b\u1ebfp.<\/li>\n<\/ul>\n<p>&nbsp;<\/p>\n<h4>3. \u0110\u1ea3m B\u1ea3o Ch\u1ea5t L\u01b0\u1ee3ng<\/h4>\n<p>&nbsp;<\/p>\n<ul>\n<li><b>B\u1ea3o h\u00e0nh 12 th\u00e1ng:<\/b> An t\u00e2m s\u1eed d\u1ee5ng v\u1edbi ch\u1ebf \u0111\u1ed9 b\u1ea3o h\u00e0nh ch\u00ednh h\u00e3ng t\u1eeb SUNHOUSE.<\/li>\n<\/ul>\n<p>&nbsp;<\/p>\n<h3>TH\u00d4NG S\u1ed0 K\u1ef8 THU\u1eacT CHI TI\u1ebeT<\/h3>\n<p>&nbsp;<\/p>\n<div class=\"horizontal-scroll-wrapper\">\n<div class=\"table-block-component\">\n<div class=\"table-block has-export-button\">\n<div class=\"table-content not-end-of-paragraph\" data-hveid=\"0\" data-ved=\"0CAAQ3ecQahgKEwi4h7Ku4Y6QAxUAAAAAHQAAAAAQ3gk\">\n<table>\n<thead>\n<tr>\n<td>\u0110\u1eb7c \u0111i\u1ec3m<\/td>\n<td>Chi ti\u1ebft<\/td>\n<\/tr>\n<\/thead>\n<tbody>\n<tr>\n<td><b>Dung t\u00edch<\/b><\/td>\n<td><b>1.8 L\u00edt<\/b><\/td>\n<\/tr>\n<tr>\n<td><b>S\u1ed1 ng\u01b0\u1eddi \u0103n<\/b><\/td>\n<td><b>4 \u2013 6 ng\u01b0\u1eddi<\/b><\/td>\n<\/tr>\n<tr>\n<td><b>C\u00f4ng su\u1ea5t<\/b><\/td>\n<td><b>700 W<\/b><\/td>\n<\/tr>\n<tr>\n<td><b>Ch\u1ea5t li\u1ec7u l\u00f2ng n\u1ed3i<\/b><\/td>\n<td>Ch\u1ed1ng d\u00ednh <b>Whitford (USA)<\/b><\/td>\n<\/tr>\n<tr>\n<td><b>C\u00f4ng ngh\u1ec7 n\u1ea5u<\/b><\/td>\n<td><b>1D<\/b> (T\u1ecfa nhi\u1ec7t t\u1eeb 1 h\u01b0\u1edbng)<\/td>\n<\/tr>\n<tr>\n<td><b>Ch\u1ea5t li\u1ec7u v\u1ecf n\u1ed3i<\/b><\/td>\n<td>Nh\u1ef1a c\u00e1ch nhi\u1ec7t<\/td>\n<\/tr>\n<tr>\n<td><b>Lo\u1ea1i n\u1ed3i<\/b><\/td>\n<td>N\u1eafp li\u1ec1n<\/td>\n<\/tr>\n<tr>\n<td><b>Tr\u1ecdng l\u01b0\u1ee3ng<\/b><\/td>\n<td>2.85 Kg<\/td>\n<\/tr>\n<tr>\n<td><b>B\u1ea3o h\u00e0nh<\/b><\/td>\n<td><b>12 th\u00e1ng<\/b><\/td>\n<\/tr>\n<\/tbody>\n<\/table>\n<\/div>\n<div class=\"table-footer hide-from-message-actions ng-star-inserted\"><button class=\"mdc-button mat-mdc-button-base export-sheets-button-container mat-mdc-button mat-unthemed ng-star-inserted\"><span class=\"mdc-button__label\"><span class=\"export-sheets-button\">Export to Sheets<\/span><\/span><\/button><\/div>\n<\/div>\n<\/div>\n<\/div>\n","protected":false},"excerpt":{"rendered":"<ul>\n<li><b>V\u1ecf ngo\u00e0i:<\/b> S\u1eed d\u1ee5ng <b>Nh\u1ef1a c\u00e1ch nhi\u1ec7t<\/b> cao c\u1ea5p, b\u1ec1n m\u00e0u (H\u1ed3ng\/Tr\u1eafng), gi\u00fap gi\u1eef \u1ea5m c\u01a1m l\u00e2u v\u00e0 ch\u1ed1ng b\u1ecfng khi ch\u1ea1m v\u00e0o th\u00e2n n\u1ed3i.<\/li>\n<li><b>Dung t\u00edch 1.8 L\u00edt:<\/b> L\u00fd t\u01b0\u1edfng cho nhu c\u1ea7u \u0103n u\u1ed1ng h\u00e0ng ng\u00e0y c\u1ee7a gia \u0111\u00ecnh trung b\u00ecnh (4-6 ng\u01b0\u1eddi).<\/li>\n<li><b>Lo\u1ea1i n\u1ed3i N\u1eafp li\u1ec1n:<\/b> Thi\u1ebft k\u1ebf truy\u1ec1n th\u1ed1ng, d\u1ec5 d\u00e0ng s\u1eed d\u1ee5ng v\u00e0 gi\u1eef nhi\u1ec7t t\u1ed1t.<\/li>\n<li><b>K\u00edch th\u01b0\u1edbc g\u1ecdn:<\/b> <b>310 x 310 x 320 (mm)<\/b>, d\u1ec5 d\u00e0ng b\u1ed1 tr\u00ed trong m\u1ecdi kh\u00f4ng gian b\u1ebfp.<\/li>\n<\/ul>\n<p>&nbsp;<\/p>\n","protected":false},"featured_media":5408,"comment_status":"open","ping_status":"closed","template":"","meta":[],"product_cat":[167,78],"product_tag":[406,407,412,384,443,338,439,440,383,442,441],"class_list":{"0":"post-5405","1":"product","2":"type-product","3":"status-publish","4":"has-post-thumbnail","6":"product_brand-sunhouse","7":"product_cat-noi-com-dien","8":"product_cat-thiet-bi-nha-bep","9":"product_tag-noi-com-dien-1-8l","10":"product_tag-noi-com-dien-4-6-nguoi","11":"product_tag-noi-com-dien-700w","12":"product_tag-noi-com-dien-chong-dinh-my","13":"product_tag-noi-com-dien-mau-hong","14":"product_tag-noi-com-dien-nap-lien","15":"product_tag-noi-com-dien-sunhouse-shd8607w","16":"product_tag-noi-com-dien-vo-nhua","17":"product_tag-noi-com-dien-whitford","18":"product_tag-shd8607w","19":"product_tag-sunhouse-shd8607w","21":"first","22":"instock","23":"taxable","24":"shipping-taxable","25":"purchasable","26":"product-type-simple","27":"col-xs-6 col-sm-4","28":"col-mf-5","29":"un-5-cols"},"_links":{"self":[{"href":"https:\/\/tongkhothanhan.com\/index.php\/wp-json\/wp\/v2\/product\/5405","targetHints":{"allow":["GET"]}}],"collection":[{"href":"https:\/\/tongkhothanhan.com\/index.php\/wp-json\/wp\/v2\/product"}],"about":[{"href":"https:\/\/tongkhothanhan.com\/index.php\/wp-json\/wp\/v2\/types\/product"}],"replies":[{"embeddable":true,"href":"https:\/\/tongkhothanhan.com\/index.php\/wp-json\/wp\/v2\/comments?post=5405"}],"wp:featuredmedia":[{"embeddable":true,"href":"https:\/\/tongkhothanhan.com\/index.php\/wp-json\/wp\/v2\/media\/5408"}],"wp:attachment":[{"href":"https:\/\/tongkhothanhan.com\/index.php\/wp-json\/wp\/v2\/media?parent=5405"}],"wp:term":[{"taxonomy":"product_cat","embeddable":true,"href":"https:\/\/tongkhothanhan.com\/index.php\/wp-json\/wp\/v2\/product_cat?post=5405"},{"taxonomy":"product_tag","embeddable":true,"href":"https:\/\/tongkhothanhan.com\/index.php\/wp-json\/wp\/v2\/product_tag?post=5405"}],"curies":[{"name":"wp","href":"https:\/\/api.w.org\/{rel}","templated":true}]}}