{"id":5401,"date":"2025-10-06T05:48:44","date_gmt":"2025-10-06T05:48:44","guid":{"rendered":"https:\/\/tongkhothanhan.com\/?post_type=product&#038;p=5401"},"modified":"2025-10-06T05:48:44","modified_gmt":"2025-10-06T05:48:44","slug":"noi-com-dien-1-8l-sunhouse-shd8605","status":"publish","type":"product","link":"https:\/\/tongkhothanhan.com\/index.php\/product\/noi-com-dien-1-8l-sunhouse-shd8605\/","title":{"rendered":"N\u1ed2I C\u01a0M \u0110I\u1ec6N 1.8L SUNHOUSE SHD8605"},"content":{"rendered":"<p>&nbsp;<\/p>\n<h2>\ud83c\udf5a N\u1ed2I C\u01a0M \u0110I\u1ec6N SUNHOUSE SHD8605 1.8L \u2013 T\u00f4n S\u01a1n T\u0129nh \u0110i\u1ec7n, Ch\u1ed1ng D\u00ednh Whitford (USA) \ud83c\udf5a<\/h2>\n<p><b>Gi\u00e1 Ni\u00eam Y\u1ebft: 790.000 VN\u0110<\/b><\/p>\n<p>N\u1ed3i c\u01a1m \u0111i\u1ec7n <b>SUNHOUSE SHD8605<\/b> v\u1edbi dung t\u00edch <b>1.8L<\/b> l\u00e0 s\u1ef1 l\u1ef1a ch\u1ecdn ho\u00e0n h\u1ea3o cho gia \u0111\u00ecnh t\u1eeb <b>4 \u0111\u1ebfn 6 ng\u01b0\u1eddi<\/b>. S\u1ea3n ph\u1ea9m n\u1ed5i b\u1eadt v\u1edbi thi\u1ebft k\u1ebf n\u1eafp li\u1ec1n hi\u1ec7n \u0111\u1ea1i, v\u1ecf ngo\u00e0i b\u1eb1ng <b>t\u00f4n s\u01a1n t\u0129nh \u0111i\u1ec7n<\/b> b\u1ec1n b\u1ec9, c\u00f9ng l\u00f2ng n\u1ed3i \u0111\u01b0\u1ee3c ph\u1ee7 ch\u1ed1ng d\u00ednh <b>Whitford (USA)<\/b> cao c\u1ea5p, mang l\u1ea1i nh\u1eefng b\u1eefa c\u01a1m th\u01a1m ngon, d\u1ebbo m\u1ec1m.<\/p>\n<h3>T\u00cdNH N\u0102NG N\u1ed4I B\u1eacT<\/h3>\n<h4>1. L\u00f2ng N\u1ed3i Ch\u1ed1ng D\u00ednh Whitford (USA) B\u1ec1n B\u1ec9<\/h4>\n<ul>\n<li><b>Ch\u1ea5t li\u1ec7u l\u00f2ng n\u1ed3i:<\/b> \u0110\u01b0\u1ee3c ph\u1ee7 l\u1edbp ch\u1ed1ng d\u00ednh <b>Whitford (USA)<\/b> \u2013 th\u01b0\u01a1ng hi\u1ec7u ch\u1ed1ng d\u00ednh uy t\u00edn t\u1eeb M\u1ef9. L\u1edbp ch\u1ed1ng d\u00ednh n\u00e0y kh\u00f4ng ch\u1ec9 b\u1ec1n b\u1ec9, an to\u00e0n cho s\u1ee9c kh\u1ecfe m\u00e0 c\u00f2n gi\u00fap c\u01a1m kh\u00f4ng b\u1ecb b\u00e1m d\u00ednh, ch\u00e1y kh\u00e9t, c\u1ef1c k\u1ef3 d\u1ec5 v\u1ec7 sinh.<\/li>\n<li><b>C\u00f4ng ngh\u1ec7 n\u1ea5u 1D (T\u1ecfa nhi\u1ec7t t\u1eeb 1 h\u01b0\u1edbng):<\/b> Truy\u1ec1n nhi\u1ec7t t\u1eeb m\u00e2m nhi\u1ec7t d\u01b0\u1edbi \u0111\u00e1y n\u1ed3i, gi\u00fap c\u01a1m ch\u00edn \u0111\u1ec1u v\u00e0 nhanh ch\u00f3ng, \u0111\u1ed3ng th\u1eddi gi\u1eef \u1ea5m hi\u1ec7u qu\u1ea3 sau khi n\u1ea5u.<\/li>\n<\/ul>\n<h4>2. Thi\u1ebft K\u1ebf An To\u00e0n v\u00e0 Th\u1ea9m M\u1ef9<\/h4>\n<ul>\n<li><b>Dung t\u00edch 1.8 L\u00edt:<\/b> \u0110\u00e1p \u1ee9ng nhu c\u1ea7u \u0103n u\u1ed1ng h\u00e0ng ng\u00e0y c\u1ee7a gia \u0111\u00ecnh trung b\u00ecnh (4-6 ng\u01b0\u1eddi).<\/li>\n<li><b>V\u1ecf ngo\u00e0i:<\/b> <b>T\u00f4n s\u01a1n t\u0129nh \u0111i\u1ec7n<\/b> cao c\u1ea5p, b\u1ec1n m\u00e0u, ch\u1ed1ng m\u00f3p m\u00e9o, c\u00e1ch \u0111i\u1ec7n an to\u00e0n v\u00e0 t\u0103ng t\u00ednh th\u1ea9m m\u1ef9 cho c\u0103n b\u1ebfp.<\/li>\n<li><b>Lo\u1ea1i n\u1ed3i N\u1eafp li\u1ec1n:<\/b> Gi\u1eef nhi\u1ec7t t\u1ed1t h\u01a1n so v\u1edbi n\u1eafp r\u1eddi, \u0111\u1ea3m b\u1ea3o c\u01a1m lu\u00f4n \u1ea5m v\u00e0 d\u1ebbo.<\/li>\n<li><b>C\u00f4ng su\u1ea5t 700W:<\/b> V\u1eadn h\u00e0nh m\u1ea1nh m\u1ebd, n\u1ea5u c\u01a1m nhanh ch\u00f3ng, ti\u1ebft ki\u1ec7m th\u1eddi gian.<\/li>\n<\/ul>\n<p>&nbsp;<\/p>\n<h4>3. Th\u00f4ng S\u1ed1 Ti\u1ec7n L\u1ee3i<\/h4>\n<p>&nbsp;<\/p>\n<ul>\n<li><b>Tr\u1ecdng l\u01b0\u1ee3ng (3.1 kg)<\/b> v\u00e0 k\u00edch th\u01b0\u1edbc g\u1ecdn g\u00e0ng (<b>272 x 272 x 180 mm<\/b>).<\/li>\n<li><b>B\u1ea3o h\u00e0nh 12 th\u00e1ng:<\/b> An t\u00e2m s\u1eed d\u1ee5ng v\u1edbi ch\u1ebf \u0111\u1ed9 b\u1ea3o h\u00e0nh ch\u00ednh h\u00e3ng t\u1eeb SUNHOUSE.<\/li>\n<\/ul>\n<p>&nbsp;<\/p>\n<h3>TH\u00d4NG S\u1ed0 K\u1ef8 THU\u1eacT CHI TI\u1ebeT<\/h3>\n<p>&nbsp;<\/p>\n<div class=\"horizontal-scroll-wrapper\">\n<div class=\"table-block-component\">\n<div class=\"table-block has-export-button\">\n<div class=\"table-content not-end-of-paragraph\" data-hveid=\"0\" data-ved=\"0CAAQ3ecQahgKEwi4h7Ku4Y6QAxUAAAAAHQAAAAAQigk\">\n<table>\n<thead>\n<tr>\n<td>\u0110\u1eb7c \u0111i\u1ec3m<\/td>\n<td>Chi ti\u1ebft<\/td>\n<\/tr>\n<\/thead>\n<tbody>\n<tr>\n<td><b>Dung t\u00edch<\/b><\/td>\n<td><b>1.8 L\u00edt<\/b><\/td>\n<\/tr>\n<tr>\n<td><b>S\u1ed1 ng\u01b0\u1eddi \u0103n<\/b><\/td>\n<td><b>4 \u2013 6 ng\u01b0\u1eddi<\/b><\/td>\n<\/tr>\n<tr>\n<td><b>C\u00f4ng su\u1ea5t<\/b><\/td>\n<td><b>700 W<\/b><\/td>\n<\/tr>\n<tr>\n<td><b>Ch\u1ea5t li\u1ec7u l\u00f2ng n\u1ed3i<\/b><\/td>\n<td>Ch\u1ed1ng d\u00ednh <b>Whitford (USA)<\/b><\/td>\n<\/tr>\n<tr>\n<td><b>C\u00f4ng ngh\u1ec7 n\u1ea5u<\/b><\/td>\n<td><b>1D<\/b> (T\u1ecfa nhi\u1ec7t t\u1eeb 1 h\u01b0\u1edbng)<\/td>\n<\/tr>\n<tr>\n<td><b>Ch\u1ea5t li\u1ec7u v\u1ecf n\u1ed3i<\/b><\/td>\n<td>T\u00f4n s\u01a1n t\u0129nh \u0111i\u1ec7n<\/td>\n<\/tr>\n<tr>\n<td><b>Lo\u1ea1i n\u1ed3i<\/b><\/td>\n<td>N\u1eafp li\u1ec1n<\/td>\n<\/tr>\n<tr>\n<td><b>Tr\u1ecdng l\u01b0\u1ee3ng<\/b><\/td>\n<td>3.1 Kg<\/td>\n<\/tr>\n<tr>\n<td><b>B\u1ea3o h\u00e0nh<\/b><\/td>\n<td><b>12 th\u00e1ng<\/b><\/td>\n<\/tr>\n<\/tbody>\n<\/table>\n<\/div>\n<\/div>\n<\/div>\n<\/div>\n","protected":false},"excerpt":{"rendered":"<ul>\n<li><b>Dung t\u00edch 1.8 L\u00edt:<\/b> \u0110\u00e1p \u1ee9ng nhu c\u1ea7u \u0103n u\u1ed1ng h\u00e0ng ng\u00e0y c\u1ee7a gia \u0111\u00ecnh trung b\u00ecnh (4-6 ng\u01b0\u1eddi).<\/li>\n<li><b>V\u1ecf ngo\u00e0i:<\/b> <b>T\u00f4n s\u01a1n t\u0129nh \u0111i\u1ec7n<\/b> cao c\u1ea5p, b\u1ec1n m\u00e0u, ch\u1ed1ng m\u00f3p m\u00e9o, c\u00e1ch \u0111i\u1ec7n an to\u00e0n v\u00e0 t\u0103ng t\u00ednh th\u1ea9m m\u1ef9 cho c\u0103n b\u1ebfp.<\/li>\n<li><b>Lo\u1ea1i n\u1ed3i N\u1eafp li\u1ec1n:<\/b> Gi\u1eef nhi\u1ec7t t\u1ed1t h\u01a1n so v\u1edbi n\u1eafp r\u1eddi, \u0111\u1ea3m b\u1ea3o c\u01a1m lu\u00f4n \u1ea5m v\u00e0 d\u1ebbo.<\/li>\n<li><b>C\u00f4ng su\u1ea5t 700W:<\/b> V\u1eadn h\u00e0nh m\u1ea1nh m\u1ebd, n\u1ea5u c\u01a1m nhanh ch\u00f3ng, ti\u1ebft ki\u1ec7m th\u1eddi gian.<\/li>\n<\/ul>\n","protected":false},"featured_media":5403,"comment_status":"open","ping_status":"closed","template":"","meta":[],"product_cat":[167,78],"product_tag":[406,407,412,384,343,338,431,403,383,433,432],"class_list":{"0":"post-5401","1":"product","2":"type-product","3":"status-publish","4":"has-post-thumbnail","6":"product_brand-sunhouse","7":"product_cat-noi-com-dien","8":"product_cat-thiet-bi-nha-bep","9":"product_tag-noi-com-dien-1-8l","10":"product_tag-noi-com-dien-4-6-nguoi","11":"product_tag-noi-com-dien-700w","12":"product_tag-noi-com-dien-chong-dinh-my","13":"product_tag-noi-com-dien-gia-re","14":"product_tag-noi-com-dien-nap-lien","15":"product_tag-noi-com-dien-sunhouse-shd8605","16":"product_tag-noi-com-dien-ton-son-tinh-dien","17":"product_tag-noi-com-dien-whitford","18":"product_tag-shd8605","19":"product_tag-sunhouse-shd8605","21":"first","22":"instock","23":"taxable","24":"shipping-taxable","25":"purchasable","26":"product-type-simple","27":"col-xs-6 col-sm-4","28":"col-mf-5","29":"un-5-cols"},"_links":{"self":[{"href":"https:\/\/tongkhothanhan.com\/index.php\/wp-json\/wp\/v2\/product\/5401","targetHints":{"allow":["GET"]}}],"collection":[{"href":"https:\/\/tongkhothanhan.com\/index.php\/wp-json\/wp\/v2\/product"}],"about":[{"href":"https:\/\/tongkhothanhan.com\/index.php\/wp-json\/wp\/v2\/types\/product"}],"replies":[{"embeddable":true,"href":"https:\/\/tongkhothanhan.com\/index.php\/wp-json\/wp\/v2\/comments?post=5401"}],"wp:featuredmedia":[{"embeddable":true,"href":"https:\/\/tongkhothanhan.com\/index.php\/wp-json\/wp\/v2\/media\/5403"}],"wp:attachment":[{"href":"https:\/\/tongkhothanhan.com\/index.php\/wp-json\/wp\/v2\/media?parent=5401"}],"wp:term":[{"taxonomy":"product_cat","embeddable":true,"href":"https:\/\/tongkhothanhan.com\/index.php\/wp-json\/wp\/v2\/product_cat?post=5401"},{"taxonomy":"product_tag","embeddable":true,"href":"https:\/\/tongkhothanhan.com\/index.php\/wp-json\/wp\/v2\/product_tag?post=5401"}],"curies":[{"name":"wp","href":"https:\/\/api.w.org\/{rel}","templated":true}]}}