{"id":5381,"date":"2025-10-06T05:15:14","date_gmt":"2025-10-06T05:15:14","guid":{"rendered":"https:\/\/tongkhothanhan.com\/?post_type=product&#038;p=5381"},"modified":"2025-10-06T05:15:14","modified_gmt":"2025-10-06T05:15:14","slug":"noi-com-dien-1-2l-sunhouse-shd8217w","status":"publish","type":"product","link":"https:\/\/tongkhothanhan.com\/index.php\/product\/noi-com-dien-1-2l-sunhouse-shd8217w\/","title":{"rendered":"N\u1ed2I C\u01a0M \u0110I\u1ec6N 1.2L SUNHOUSE SHD8217W"},"content":{"rendered":"<h2>\ud83c\udf38 N\u1ed2I C\u01a0M \u0110I\u1ec6N SUNHOUSE SHD8217W 1.2L \u2013 L\u00f2ng N\u1ed3i Ch\u1ed1ng D\u00ednh Whitford (USA) \ud83c\udf38<\/h2>\n<p><b>Gi\u00e1 Ni\u00eam Y\u1ebft: 870.000 VN\u0110<\/b><\/p>\n<p>N\u1ed3i c\u01a1m \u0111i\u1ec7n <b>SUNHOUSE SHD8217W<\/b> l\u00e0 s\u1ef1 k\u1ebft h\u1ee3p ho\u00e0n h\u1ea3o gi\u1eefa thi\u1ebft k\u1ebf d\u1ec5 th\u01b0\u01a1ng, m\u00e0u s\u1eafc nh\u1eb9 nh\u00e0ng (H\u1ed3ng\/Tr\u1eafng) v\u00e0 hi\u1ec7u su\u1ea5t n\u1ea5u c\u01a1m v\u01b0\u1ee3t tr\u1ed9i. V\u1edbi dung t\u00edch <b>1.2L<\/b>, \u0111\u00e2y l\u00e0 l\u1ef1a ch\u1ecdn l\u00fd t\u01b0\u1edfng cho gia \u0111\u00ecnh nh\u1ecf t\u1eeb <b>2 \u0111\u1ebfn 4 ng\u01b0\u1eddi<\/b>. S\u1ea3n ph\u1ea9m n\u1ed5i b\u1eadt v\u1edbi l\u00f2ng n\u1ed3i s\u1eed d\u1ee5ng ch\u1ea5t ch\u1ed1ng d\u00ednh cao c\u1ea5p t\u1eeb M\u1ef9, mang l\u1ea1i nh\u1eefng b\u1eefa c\u01a1m d\u1ebbo th\u01a1m v\u00e0 an to\u00e0n.<\/p>\n<p>&nbsp;<\/p>\n<h3>T\u00cdNH N\u0102NG N\u1ed4I B\u1eacT<\/h3>\n<h4>1. L\u00f2ng N\u1ed3i Ch\u1ed1ng D\u00ednh Whitford (USA) Cao C\u1ea5p<\/h4>\n<ul>\n<li><b>Ch\u1ea5t li\u1ec7u l\u00f2ng n\u1ed3i:<\/b> S\u1eed d\u1ee5ng ch\u1ea5t ch\u1ed1ng d\u00ednh <b>Whitford (USA)<\/b> &#8211; th\u01b0\u01a1ng hi\u1ec7u ch\u1ed1ng d\u00ednh h\u00e0ng \u0111\u1ea7u t\u1eeb M\u1ef9. L\u1edbp ch\u1ed1ng d\u00ednh n\u00e0y c\u1ef1c k\u1ef3 b\u1ec1n b\u1ec9, an to\u00e0n tuy\u1ec7t \u0111\u1ed1i cho s\u1ee9c kh\u1ecfe, \u0111\u1ea3m b\u1ea3o c\u01a1m kh\u00f4ng b\u00e1m d\u00ednh, d\u1ec5 d\u00e0ng v\u1ec7 sinh.<\/li>\n<li><b>C\u00f4ng ngh\u1ec7 n\u1ea5u 1D (T\u1ecfa nhi\u1ec7t t\u1eeb 1 h\u01b0\u1edbng):<\/b> \u0110\u1ea3m b\u1ea3o nhi\u1ec7t l\u01b0\u1ee3ng truy\u1ec1n \u0111\u1ec1u, c\u01a1m ch\u00edn nhanh, gi\u1eef \u1ea5m hi\u1ec7u qu\u1ea3, ti\u1ebft ki\u1ec7m th\u1eddi gian v\u00e0 \u0111i\u1ec7n n\u0103ng.<\/li>\n<li><b>C\u00f4ng su\u1ea5t 500W:<\/b> V\u1eadn h\u00e0nh \u1ed5n \u0111\u1ecbnh, gi\u00fap qu\u00e1 tr\u00ecnh n\u1ea5u c\u01a1m di\u1ec5n ra nhanh ch\u00f3ng.<\/li>\n<\/ul>\n<p>&nbsp;<\/p>\n<h4>2. Thi\u1ebft K\u1ebf \u0110\u00e1ng Y\u00eau v\u00e0 An To\u00e0n<\/h4>\n<ul>\n<li><b>Dung t\u00edch 1.2 L\u00edt:<\/b> Ph\u00f9 h\u1ee3p v\u1edbi nhu c\u1ea7u \u0103n u\u1ed1ng h\u00e0ng ng\u00e0y c\u1ee7a gia \u0111\u00ecnh nh\u1ecf (2-4 ng\u01b0\u1eddi).<\/li>\n<li><b>V\u1ecf ngo\u00e0i b\u1eb1ng Nh\u1ef1a c\u00e1ch nhi\u1ec7t:<\/b> B\u1ec1n \u0111\u1eb9p, ch\u1ed1ng n\u00f3ng, gi\u00fap gi\u1eef \u1ea5m c\u01a1m l\u00e2u v\u00e0 an to\u00e0n khi ch\u1ea1m v\u00e0o th\u00e2n n\u1ed3i.<\/li>\n<li><b>Lo\u1ea1i n\u1ed3i N\u1eafp li\u1ec1n:<\/b> Thi\u1ebft k\u1ebf truy\u1ec1n th\u1ed1ng, d\u1ec5 s\u1eed d\u1ee5ng v\u00e0 v\u1ec7 sinh.<\/li>\n<li><b>K\u00edch th\u01b0\u1edbc g\u1ecdn nh\u1eb9:<\/b> <b>240 x 275 x 230 (mm)<\/b>, d\u1ec5 d\u00e0ng b\u1ed1 tr\u00ed trong b\u1ebfp.<\/li>\n<\/ul>\n<p>&nbsp;<\/p>\n<h4>3. Ch\u00ednh S\u00e1ch B\u1ea3o H\u00e0nh T\u1ed1t<\/h4>\n<p>&nbsp;<\/p>\n<ul>\n<li>S\u1ea3n ph\u1ea9m \u0111\u01b0\u1ee3c b\u1ea3o h\u00e0nh ch\u00ednh h\u00e3ng <b>12 th\u00e1ng<\/b>, mang l\u1ea1i s\u1ef1 y\u00ean t\u00e2m cho ng\u01b0\u1eddi s\u1eed d\u1ee5ng v\u1ec1 ch\u1ea5t l\u01b0\u1ee3ng.<\/li>\n<\/ul>\n<p>&nbsp;<\/p>\n<h3>TH\u00d4NG S\u1ed0 K\u1ef8 THU\u1eacT CHI TI\u1ebeT<\/h3>\n<p>&nbsp;<\/p>\n<div class=\"horizontal-scroll-wrapper\">\n<div class=\"table-block-component\">\n<div class=\"table-block has-export-button\">\n<div class=\"table-content not-end-of-paragraph\" data-hveid=\"0\" data-ved=\"0CAAQ3ecQahgKEwi4h7Ku4Y6QAxUAAAAAHQAAAAAQtAQ\">\n<table>\n<thead>\n<tr>\n<td>\u0110\u1eb7c \u0111i\u1ec3m<\/td>\n<td>Chi ti\u1ebft<\/td>\n<\/tr>\n<\/thead>\n<tbody>\n<tr>\n<td><b>Dung t\u00edch<\/b><\/td>\n<td><b>1.2 L\u00edt<\/b><\/td>\n<\/tr>\n<tr>\n<td><b>S\u1ed1 ng\u01b0\u1eddi \u0103n<\/b><\/td>\n<td><b>2 \u2013 4 ng\u01b0\u1eddi<\/b><\/td>\n<\/tr>\n<tr>\n<td><b>C\u00f4ng su\u1ea5t<\/b><\/td>\n<td><b>500 W<\/b><\/td>\n<\/tr>\n<tr>\n<td><b>Ch\u1ea5t li\u1ec7u l\u00f2ng n\u1ed3i<\/b><\/td>\n<td>Ch\u1ed1ng d\u00ednh <b>Whitford (USA)<\/b><\/td>\n<\/tr>\n<tr>\n<td><b>C\u00f4ng ngh\u1ec7 n\u1ea5u<\/b><\/td>\n<td><b>1D<\/b> (T\u1ecfa nhi\u1ec7t t\u1eeb 1 h\u01b0\u1edbng)<\/td>\n<\/tr>\n<tr>\n<td><b>Lo\u1ea1i n\u1ed3i<\/b><\/td>\n<td>N\u1eafp li\u1ec1n<\/td>\n<\/tr>\n<tr>\n<td><b>Ch\u1ea5t li\u1ec7u v\u1ecf n\u1ed3i<\/b><\/td>\n<td>Nh\u1ef1a c\u00e1ch nhi\u1ec7t<\/td>\n<\/tr>\n<tr>\n<td><b>Tr\u1ecdng l\u01b0\u1ee3ng<\/b><\/td>\n<td>2.3 kg<\/td>\n<\/tr>\n<tr>\n<td><b>K\u00edch th\u01b0\u1edbc<\/b><\/td>\n<td>240 x 275 x 230 (mm)<\/td>\n<\/tr>\n<tr>\n<td><b>B\u1ea3o h\u00e0nh<\/b><\/td>\n<td><b>12 th\u00e1ng<\/b><\/td>\n<\/tr>\n<\/tbody>\n<\/table>\n<\/div>\n<\/div>\n<\/div>\n<\/div>\n","protected":false},"excerpt":{"rendered":"<ul>\n<li><b>Dung t\u00edch 1.2 L\u00edt:<\/b> Ph\u00f9 h\u1ee3p v\u1edbi nhu c\u1ea7u \u0103n u\u1ed1ng h\u00e0ng ng\u00e0y c\u1ee7a gia \u0111\u00ecnh nh\u1ecf (2-4 ng\u01b0\u1eddi).<\/li>\n<li><b>V\u1ecf ngo\u00e0i b\u1eb1ng Nh\u1ef1a c\u00e1ch nhi\u1ec7t:<\/b> B\u1ec1n \u0111\u1eb9p, ch\u1ed1ng n\u00f3ng, gi\u00fap gi\u1eef \u1ea5m c\u01a1m l\u00e2u v\u00e0 an to\u00e0n khi ch\u1ea1m v\u00e0o th\u00e2n n\u1ed3i.<\/li>\n<li><b>Lo\u1ea1i n\u1ed3i N\u1eafp li\u1ec1n:<\/b> Thi\u1ebft k\u1ebf truy\u1ec1n th\u1ed1ng, d\u1ec5 s\u1eed d\u1ee5ng v\u00e0 v\u1ec7 sinh.<\/li>\n<li><b>K\u00edch th\u01b0\u1edbc g\u1ecdn nh\u1eb9:<\/b> <b>240 x 275 x 230 (mm)<\/b>, d\u1ec5 d\u00e0ng b\u1ed1 tr\u00ed trong b\u1ebfp.<\/li>\n<\/ul>\n","protected":false},"featured_media":5382,"comment_status":"open","ping_status":"closed","template":"","meta":[],"product_cat":[167,78],"product_tag":[346,349,347,355,384,387,382,383,386,385],"class_list":{"0":"post-5381","1":"product","2":"type-product","3":"status-publish","4":"has-post-thumbnail","6":"product_brand-sunhouse","7":"product_cat-noi-com-dien","8":"product_cat-thiet-bi-nha-bep","9":"product_tag-noi-com-dien-1-2l","10":"product_tag-noi-com-dien-1d","11":"product_tag-noi-com-dien-2-4-nguoi","12":"product_tag-noi-com-dien-500w","13":"product_tag-noi-com-dien-chong-dinh-my","14":"product_tag-noi-com-dien-mau-hong-trang","15":"product_tag-noi-com-dien-sunhouse-shd8217w","16":"product_tag-noi-com-dien-whitford","17":"product_tag-shd8217w","18":"product_tag-sunhouse-shd8217w","20":"first","21":"instock","22":"taxable","23":"shipping-taxable","24":"purchasable","25":"product-type-simple","26":"col-xs-6 col-sm-4","27":"col-mf-5","28":"un-5-cols"},"_links":{"self":[{"href":"https:\/\/tongkhothanhan.com\/index.php\/wp-json\/wp\/v2\/product\/5381","targetHints":{"allow":["GET"]}}],"collection":[{"href":"https:\/\/tongkhothanhan.com\/index.php\/wp-json\/wp\/v2\/product"}],"about":[{"href":"https:\/\/tongkhothanhan.com\/index.php\/wp-json\/wp\/v2\/types\/product"}],"replies":[{"embeddable":true,"href":"https:\/\/tongkhothanhan.com\/index.php\/wp-json\/wp\/v2\/comments?post=5381"}],"wp:featuredmedia":[{"embeddable":true,"href":"https:\/\/tongkhothanhan.com\/index.php\/wp-json\/wp\/v2\/media\/5382"}],"wp:attachment":[{"href":"https:\/\/tongkhothanhan.com\/index.php\/wp-json\/wp\/v2\/media?parent=5381"}],"wp:term":[{"taxonomy":"product_cat","embeddable":true,"href":"https:\/\/tongkhothanhan.com\/index.php\/wp-json\/wp\/v2\/product_cat?post=5381"},{"taxonomy":"product_tag","embeddable":true,"href":"https:\/\/tongkhothanhan.com\/index.php\/wp-json\/wp\/v2\/product_tag?post=5381"}],"curies":[{"name":"wp","href":"https:\/\/api.w.org\/{rel}","templated":true}]}}